{"id":776,"date":"2025-09-15T20:21:53","date_gmt":"2025-09-15T17:21:53","guid":{"rendered":"https:\/\/ewmhome.ro\/?post_type=product&#038;p=776"},"modified":"2026-04-02T17:42:33","modified_gmt":"2026-04-02T14:42:33","slug":"placa-decorativa-din-gips-texturat","status":"publish","type":"product","link":"https:\/\/ewmhome.ro\/?product=placa-decorativa-din-gips-texturat","title":{"rendered":"Plac\u0103 decorativ\u0103 flexibila din pulbere de piatra texturat"},"content":{"rendered":"<p>Un produs inovator pentru finisaje interioare moderne, ideal pentru a transforma peretii simpli \u00een suprafete decorative spectaculoase. Placa este realizat\u00e0 din gips de calitate, cu textur\u0103 3D imprimat\u00e3, care adaug\u00e3 profunzime si dinamism spatiului.<\/p>\n<p>Dimensiuni: 1200 \u00d7 600 mm<\/p>\n<p>Suprafat\u0103: 0,72 m&#8217;\/bucat\u0103<\/p>\n<p>Material: gips texturat 3D<\/p>\n<p>Beneficii:<\/p>\n<p>Aspect decorativ premium, cu efect tridimensional<\/p>\n<p>Usor de montat pe pereti interiori<\/p>\n<p>Suprafat\u00e0 rezistent\u00e3 si durabil\u00e3<\/p>\n<p>Se poate vopsi pentru a se integra \u00een orice stil de design<\/p>\n<p>Ideal pentru livinguri, dormitoare, holuri, birouri sau spatii comerciale<\/p>\n","protected":false},"excerpt":{"rendered":"<p>Un produs inovator pentru finisaje interioare moderne, ideal pentru a transforma peretii simpli \u00een suprafete decorative spectaculoase. Placa este realizat\u00e0 din gips de calitate, cu textur\u0103 3D imprimat\u00e3, care adaug\u00e3 profunzime si dinamism spatiului. Dimensiuni: 1200 \u00d7 600 mm Suprafat\u0103: 0,72 m&#8217;\/bucat\u0103 Material: gips texturat 3D Beneficii: Aspect decorativ premium, cu efect tridimensional Usor de [&hellip;]<\/p>\n","protected":false},"featured_media":780,"comment_status":"open","ping_status":"closed","template":"","meta":[],"product_brand":[],"product_cat":[27],"product_tag":[],"class_list":{"0":"post-776","1":"product","2":"type-product","3":"status-publish","4":"has-post-thumbnail","6":"product_cat-panouri-decorative","8":"first","9":"instock","10":"shipping-taxable","11":"purchasable","12":"product-type-simple"},"_links":{"self":[{"href":"https:\/\/ewmhome.ro\/index.php?rest_route=\/wp\/v2\/product\/776","targetHints":{"allow":["GET"]}}],"collection":[{"href":"https:\/\/ewmhome.ro\/index.php?rest_route=\/wp\/v2\/product"}],"about":[{"href":"https:\/\/ewmhome.ro\/index.php?rest_route=\/wp\/v2\/types\/product"}],"replies":[{"embeddable":true,"href":"https:\/\/ewmhome.ro\/index.php?rest_route=%2Fwp%2Fv2%2Fcomments&post=776"}],"wp:featuredmedia":[{"embeddable":true,"href":"https:\/\/ewmhome.ro\/index.php?rest_route=\/wp\/v2\/media\/780"}],"wp:attachment":[{"href":"https:\/\/ewmhome.ro\/index.php?rest_route=%2Fwp%2Fv2%2Fmedia&parent=776"}],"wp:term":[{"taxonomy":"product_brand","embeddable":true,"href":"https:\/\/ewmhome.ro\/index.php?rest_route=%2Fwp%2Fv2%2Fproduct_brand&post=776"},{"taxonomy":"product_cat","embeddable":true,"href":"https:\/\/ewmhome.ro\/index.php?rest_route=%2Fwp%2Fv2%2Fproduct_cat&post=776"},{"taxonomy":"product_tag","embeddable":true,"href":"https:\/\/ewmhome.ro\/index.php?rest_route=%2Fwp%2Fv2%2Fproduct_tag&post=776"}],"curies":[{"name":"wp","href":"https:\/\/api.w.org\/{rel}","templated":true}]}}