{"id":718,"date":"2025-08-23T17:14:07","date_gmt":"2025-08-23T14:14:07","guid":{"rendered":"https:\/\/ewmhome.ro\/?post_type=product&#038;p=718"},"modified":"2026-03-19T15:19:11","modified_gmt":"2026-03-19T13:19:11","slug":"panou-decorativ-pvc-cu-izolatie-din-bambus","status":"publish","type":"product","link":"https:\/\/ewmhome.ro\/?product=panou-decorativ-pvc-cu-izolatie-din-bambus","title":{"rendered":"Panou decorativ PVC cu izola\u021bie din bambus"},"content":{"rendered":"<p class=\"p1\"><span class=\"s1\">Plac\u0103 decorativ\u0103 premium realizat\u0103 din PVC rigid cu izola\u021bie din bambus de 8 mm. <\/span><\/p>\n<p class=\"p1\"><span class=\"s1\">Ofer\u0103 un finisaj modern \u0219i elegant, cu propriet\u0103\u021bi de izolare fonic\u0103 \u0219i termic\u0103 superioare. <\/span><\/p>\n<p class=\"p1\"><span class=\"s1\">Este rezistent\u0103 la umezeal\u0103, u\u0219or de montat \u0219i de \u00eentre\u021binut, fiind ideal\u0103 pentru spa\u021bii reziden\u021biale \u0219i comerciale unde se dore\u0219te at\u00e2t estetic\u0103, c\u00e2t \u0219i confort.<\/span><\/p>\n<p class=\"p1\"><span class=\"s2\">Dimensiuni:<\/span><span class=\"s1\"> 290 x 122 cm x 8 mm grosime<\/span><\/p>\n<p class=\"p1\"><span class=\"s2\">Suprafa\u021b\u0103:<\/span><span class=\"s1\"> 3,54 m\u00b2 per plac\u0103<\/span><\/p>\n<p class=\"p1\"><span class=\"s2\">Material:<\/span><span class=\"s1\"> PVC cu strat izolator bambus 8 mm<\/span><\/p>\n","protected":false},"excerpt":{"rendered":"<p>Plac\u0103 decorativ\u0103 premium realizat\u0103 din PVC rigid cu izola\u021bie din bambus de 8 mm. Ofer\u0103 un finisaj modern \u0219i elegant, cu propriet\u0103\u021bi de izolare fonic\u0103 \u0219i termic\u0103 superioare. Este rezistent\u0103 la umezeal\u0103, u\u0219or de montat \u0219i de \u00eentre\u021binut, fiind ideal\u0103 pentru spa\u021bii reziden\u021biale \u0219i comerciale unde se dore\u0219te at\u00e2t estetic\u0103, c\u00e2t \u0219i confort. Dimensiuni: 290 [&hellip;]<\/p>\n","protected":false},"featured_media":719,"comment_status":"open","ping_status":"closed","template":"","meta":[],"product_brand":[],"product_cat":[26,27],"product_tag":[],"class_list":{"0":"post-718","1":"product","2":"type-product","3":"status-publish","4":"has-post-thumbnail","6":"product_cat-panouri-pvc","7":"product_cat-panouri-decorative","9":"first","10":"outofstock","11":"shipping-taxable","12":"purchasable","13":"product-type-simple"},"_links":{"self":[{"href":"https:\/\/ewmhome.ro\/index.php?rest_route=\/wp\/v2\/product\/718","targetHints":{"allow":["GET"]}}],"collection":[{"href":"https:\/\/ewmhome.ro\/index.php?rest_route=\/wp\/v2\/product"}],"about":[{"href":"https:\/\/ewmhome.ro\/index.php?rest_route=\/wp\/v2\/types\/product"}],"replies":[{"embeddable":true,"href":"https:\/\/ewmhome.ro\/index.php?rest_route=%2Fwp%2Fv2%2Fcomments&post=718"}],"wp:featuredmedia":[{"embeddable":true,"href":"https:\/\/ewmhome.ro\/index.php?rest_route=\/wp\/v2\/media\/719"}],"wp:attachment":[{"href":"https:\/\/ewmhome.ro\/index.php?rest_route=%2Fwp%2Fv2%2Fmedia&parent=718"}],"wp:term":[{"taxonomy":"product_brand","embeddable":true,"href":"https:\/\/ewmhome.ro\/index.php?rest_route=%2Fwp%2Fv2%2Fproduct_brand&post=718"},{"taxonomy":"product_cat","embeddable":true,"href":"https:\/\/ewmhome.ro\/index.php?rest_route=%2Fwp%2Fv2%2Fproduct_cat&post=718"},{"taxonomy":"product_tag","embeddable":true,"href":"https:\/\/ewmhome.ro\/index.php?rest_route=%2Fwp%2Fv2%2Fproduct_tag&post=718"}],"curies":[{"name":"wp","href":"https:\/\/api.w.org\/{rel}","templated":true}]}}