{"id":709,"date":"2025-08-23T16:51:43","date_gmt":"2025-08-23T13:51:43","guid":{"rendered":"https:\/\/ewmhome.ro\/?post_type=product&#038;p=709"},"modified":"2026-04-02T17:45:34","modified_gmt":"2026-04-02T14:45:34","slug":"panou-decorativ-alb","status":"publish","type":"product","link":"https:\/\/ewmhome.ro\/?product=panou-decorativ-alb","title":{"rendered":"Plac\u0103 decorativ\u0103 flexibila din pulbere de piatra texturat"},"content":{"rendered":"<p class=\"p1\"><span class=\"s1\">Plac\u0103 decorativ\u0103 din gips texturat<\/span><\/p>\n<p class=\"p1\"><span class=\"s2\">Un produs inovator pentru finisaje interioare moderne, ideal pentru a transforma pere\u021bii simpli \u00een suprafe\u021be decorative spectaculoase. Placa este realizat\u0103 din gips de calitate, cu textur\u0103 3D imprimat\u0103, care adaug\u0103 profunzime \u0219i dinamism spa\u021biului.<\/span><\/p>\n<p class=\"p1\"><span class=\"s1\">Dimensiuni:<\/span><span class=\"s2\"> 1200 x 600 mm<\/span><\/p>\n<p class=\"p1\"><span class=\"s1\">Suprafa\u021b\u0103:<\/span><span class=\"s2\"> 0,72 m\u00b2\/bucat\u0103<\/span><\/p>\n<p class=\"p1\"><span class=\"s1\">Material:<\/span><span class=\"s2\"> gips texturat 3D<\/span><\/p>\n<p class=\"p1\"><span class=\"s1\">Beneficii:<\/span><\/p>\n<ul>\n<li>\n<p class=\"p1\"><span class=\"s1\">Aspect decorativ premium, cu efect tridimensional<\/span><\/p>\n<\/li>\n<li>\n<p class=\"p1\"><span class=\"s1\">U\u0219or de montat pe pere\u021bi interiori<\/span><\/p>\n<\/li>\n<li>\n<p class=\"p1\"><span class=\"s1\">Suprafa\u021b\u0103 rezistent\u0103 \u0219i durabil\u0103<\/span><\/p>\n<\/li>\n<li>\n<p class=\"p1\"><span class=\"s1\">Se poate vopsi pentru a se integra \u00een orice stil de design<\/span><\/p>\n<\/li>\n<li>\n<p class=\"p1\"><span class=\"s1\">Ideal pentru livinguri, dormitoare, holuri, birouri sau spa\u021bii comerciale<\/span><\/p>\n<\/li>\n<\/ul>\n","protected":false},"excerpt":{"rendered":"<p>Plac\u0103 decorativ\u0103 din gips texturat Un produs inovator pentru finisaje interioare moderne, ideal pentru a transforma pere\u021bii simpli \u00een suprafe\u021be decorative spectaculoase. Placa este realizat\u0103 din gips de calitate, cu textur\u0103 3D imprimat\u0103, care adaug\u0103 profunzime \u0219i dinamism spa\u021biului. Dimensiuni: 1200 x 600 mm Suprafa\u021b\u0103: 0,72 m\u00b2\/bucat\u0103 Material: gips texturat 3D Beneficii: Aspect decorativ premium, [&hellip;]<\/p>\n","protected":false},"featured_media":710,"comment_status":"open","ping_status":"closed","template":"","meta":[],"product_brand":[],"product_cat":[27],"product_tag":[],"class_list":{"0":"post-709","1":"product","2":"type-product","3":"status-publish","4":"has-post-thumbnail","6":"product_cat-panouri-decorative","8":"first","9":"instock","10":"shipping-taxable","11":"purchasable","12":"product-type-simple"},"_links":{"self":[{"href":"https:\/\/ewmhome.ro\/index.php?rest_route=\/wp\/v2\/product\/709","targetHints":{"allow":["GET"]}}],"collection":[{"href":"https:\/\/ewmhome.ro\/index.php?rest_route=\/wp\/v2\/product"}],"about":[{"href":"https:\/\/ewmhome.ro\/index.php?rest_route=\/wp\/v2\/types\/product"}],"replies":[{"embeddable":true,"href":"https:\/\/ewmhome.ro\/index.php?rest_route=%2Fwp%2Fv2%2Fcomments&post=709"}],"wp:featuredmedia":[{"embeddable":true,"href":"https:\/\/ewmhome.ro\/index.php?rest_route=\/wp\/v2\/media\/710"}],"wp:attachment":[{"href":"https:\/\/ewmhome.ro\/index.php?rest_route=%2Fwp%2Fv2%2Fmedia&parent=709"}],"wp:term":[{"taxonomy":"product_brand","embeddable":true,"href":"https:\/\/ewmhome.ro\/index.php?rest_route=%2Fwp%2Fv2%2Fproduct_brand&post=709"},{"taxonomy":"product_cat","embeddable":true,"href":"https:\/\/ewmhome.ro\/index.php?rest_route=%2Fwp%2Fv2%2Fproduct_cat&post=709"},{"taxonomy":"product_tag","embeddable":true,"href":"https:\/\/ewmhome.ro\/index.php?rest_route=%2Fwp%2Fv2%2Fproduct_tag&post=709"}],"curies":[{"name":"wp","href":"https:\/\/api.w.org\/{rel}","templated":true}]}}