{"id":646,"date":"2025-08-23T13:29:55","date_gmt":"2025-08-23T10:29:55","guid":{"rendered":"https:\/\/ewmhome.ro\/?post_type=product&#038;p=646"},"modified":"2026-04-02T17:47:01","modified_gmt":"2026-04-02T14:47:01","slug":"panou-pvc-gri-cu-model","status":"publish","type":"product","link":"https:\/\/ewmhome.ro\/?product=panou-pvc-gri-cu-model","title":{"rendered":"Panou PVC gri cu model"},"content":{"rendered":"<p>Pl\u0103ci decorative din PVC rigid \u2013 solu\u021bia ideal\u0103 pentru un design interior modern si elegant.<br \/>\nSe monteaz\u0103 rapid si u\u0219or, direct pe faian\u021b\u0103, gips-carton, tencuial\u0103 sau alte suprafe\u021be plane, oferind un finisaj impecabil si durabil.<br \/>\nMaterial: PVC rigid, de \u00eenalt\u0103 calitate Montaj simplu cu adeziv sau silicon<br \/>\nRezisten\u021b\u0103 excelent\u0103 la ap\u0103 si umezeal\u0103<br \/>\nIntretinere facil\u0103 \u2013 se curat\u0103 u\u0219or cu o lavet\u0103 umed\u0103<br \/>\nRecomandate pentru: b\u0103i, holuri, livinguri, birouri, spa\u021bii comerciale<\/p>\n<p>Specifica\u021bii tehnice:<br \/>\nDimensiuni: 244 x 122 cm<br \/>\nGrosime: 3 mm<\/p>\n","protected":false},"excerpt":{"rendered":"<p>Pl\u0103ci decorative din PVC rigid \u2013 solu\u021bia ideal\u0103 pentru un design interior modern si elegant. Se monteaz\u0103 rapid si u\u0219or, direct pe faian\u021b\u0103, gips-carton, tencuial\u0103 sau alte suprafe\u021be plane, oferind un finisaj impecabil si durabil. Material: PVC rigid, de \u00eenalt\u0103 calitate Montaj simplu cu adeziv sau silicon Rezisten\u021b\u0103 excelent\u0103 la ap\u0103 si umezeal\u0103 Intretinere facil\u0103 [&hellip;]<\/p>\n","protected":false},"featured_media":647,"comment_status":"open","ping_status":"closed","template":"","meta":[],"product_brand":[],"product_cat":[26],"product_tag":[],"class_list":{"0":"post-646","1":"product","2":"type-product","3":"status-publish","4":"has-post-thumbnail","6":"product_cat-panouri-pvc","8":"first","9":"instock","10":"sale","11":"shipping-taxable","12":"purchasable","13":"product-type-simple"},"_links":{"self":[{"href":"https:\/\/ewmhome.ro\/index.php?rest_route=\/wp\/v2\/product\/646","targetHints":{"allow":["GET"]}}],"collection":[{"href":"https:\/\/ewmhome.ro\/index.php?rest_route=\/wp\/v2\/product"}],"about":[{"href":"https:\/\/ewmhome.ro\/index.php?rest_route=\/wp\/v2\/types\/product"}],"replies":[{"embeddable":true,"href":"https:\/\/ewmhome.ro\/index.php?rest_route=%2Fwp%2Fv2%2Fcomments&post=646"}],"wp:featuredmedia":[{"embeddable":true,"href":"https:\/\/ewmhome.ro\/index.php?rest_route=\/wp\/v2\/media\/647"}],"wp:attachment":[{"href":"https:\/\/ewmhome.ro\/index.php?rest_route=%2Fwp%2Fv2%2Fmedia&parent=646"}],"wp:term":[{"taxonomy":"product_brand","embeddable":true,"href":"https:\/\/ewmhome.ro\/index.php?rest_route=%2Fwp%2Fv2%2Fproduct_brand&post=646"},{"taxonomy":"product_cat","embeddable":true,"href":"https:\/\/ewmhome.ro\/index.php?rest_route=%2Fwp%2Fv2%2Fproduct_cat&post=646"},{"taxonomy":"product_tag","embeddable":true,"href":"https:\/\/ewmhome.ro\/index.php?rest_route=%2Fwp%2Fv2%2Fproduct_tag&post=646"}],"curies":[{"name":"wp","href":"https:\/\/api.w.org\/{rel}","templated":true}]}}